{"id":360,"date":"2026-04-23T22:31:07","date_gmt":"2026-04-23T22:31:07","guid":{"rendered":"https:\/\/restaurant-hufer.de\/?page_id=360"},"modified":"2026-04-23T22:35:05","modified_gmt":"2026-04-23T22:35:05","slug":"impressum","status":"publish","type":"page","link":"https:\/\/restaurant-hufer.de\/index.php\/impressum\/","title":{"rendered":"Impressum"},"content":{"rendered":"\t\t<div data-elementor-type=\"wp-page\" data-elementor-id=\"360\" class=\"elementor elementor-360\" data-elementor-post-type=\"page\">\n\t\t\t\t\t\t<section class=\"elementor-section elementor-top-section elementor-element elementor-element-df1da84 elementor-section-boxed elementor-section-height-default elementor-section-height-default\" data-id=\"df1da84\" data-element_type=\"section\" data-e-type=\"section\">\n\t\t\t\t\t\t<div class=\"elementor-container elementor-column-gap-default\">\n\t\t\t\t\t<div class=\"elementor-column elementor-col-100 elementor-top-column elementor-element elementor-element-a8da24c\" data-id=\"a8da24c\" data-element_type=\"column\" data-e-type=\"column\">\n\t\t\t<div class=\"elementor-widget-wrap\">\n\t\t\t\t\t\t\t<\/div>\n\t\t<\/div>\n\t\t\t\t\t<\/div>\n\t\t<\/section>\n\t\t<div class=\"elementor-element elementor-element-ce74ac9 e-flex e-con-boxed e-con e-parent\" data-id=\"ce74ac9\" data-element_type=\"container\" data-e-type=\"container\">\n\t\t\t\t\t<div class=\"e-con-inner\">\n\t\t<div class=\"elementor-element elementor-element-b2405d2 e-con-full e-flex e-con e-child\" data-id=\"b2405d2\" data-element_type=\"container\" data-e-type=\"container\">\n\t\t\t\t<\/div>\n\t\t<div class=\"elementor-element elementor-element-3013cfb e-con-full e-flex e-con e-child\" data-id=\"3013cfb\" data-element_type=\"container\" data-e-type=\"container\">\n\t\t\t\t<div class=\"elementor-element elementor-element-c6f2e19 elementor-widget elementor-widget-spacer\" data-id=\"c6f2e19\" data-element_type=\"widget\" data-e-type=\"widget\" data-widget_type=\"spacer.default\">\n\t\t\t\t\t\t\t<div class=\"elementor-spacer\">\n\t\t\t<div class=\"elementor-spacer-inner\"><\/div>\n\t\t<\/div>\n\t\t\t\t\t\t<\/div>\n\t\t\t\t<div class=\"elementor-element elementor-element-6c0ed3d elementor-widget elementor-widget-text-editor\" data-id=\"6c0ed3d\" data-element_type=\"widget\" data-e-type=\"widget\" data-widget_type=\"text-editor.default\">\n\t\t\t\t\t\t\t\t\t<p><span style=\"color: #000000;\">Impressum<\/span><\/p>\t\t\t\t\t\t\t\t<\/div>\n\t\t\t\t<div class=\"elementor-element elementor-element-de9582a animated-slow elementor-invisible elementor-widget elementor-widget-text-editor\" data-id=\"de9582a\" data-element_type=\"widget\" data-e-type=\"widget\" data-settings=\"{&quot;_animation&quot;:&quot;zoomIn&quot;}\" data-widget_type=\"text-editor.default\">\n\t\t\t\t\t\t\t\t\t<p><span style=\"color: #000000;\">Fam. Christakou<\/span><\/p><p><span style=\"color: #000000;\"><em>Alte Dietersdorfer Str. 10<\/em><\/span><\/p><p><span style=\"color: #000000;\"><em>91126 Schwabach (Dietersdorf)<\/em><\/span><\/p><p><span style=\"color: #000000;\">Tel: 0911 \/ 63 63 17<\/span><\/p><p><span style=\"color: #000000;\"><em>Email: <a style=\"color: #000000;\" href=\"https:\/\/web.archive.org\/web\/20230322054045\/mailto:info@Restaurant-Hufer.de\">info@Restaurant-Hufer.de<\/a><\/em><\/span><\/p><p><span style=\"color: #000000;\"><em>Internet: www.Restaurant-Hufer.de<\/em><\/span><\/p><p>\u00a0<\/p><p><span style=\"color: #000000;\"><strong><em>Urheberrecht:<\/em><\/strong><em>\u00a0<\/em><\/span><\/p><p><span style=\"color: #000000;\"><em>\u00a0<\/em><\/span><\/p><p><span style=\"color: #000000;\"><em>\u00a9 Alle Rechte vorbehalten.<\/em><em><br \/>Insbesondere d\u00fcrfen Vervielf\u00e4ltigungen nur nach vorheriger schriftlicher<br \/>Zustimmung des Anbieters erfolgen. Mit der Nutzung der Website<br \/>www.restaurant-hufer.de erkl\u00e4ren Sie sich mit unseren<br \/>Nutzungsbedingungen einverstanden. F\u00fcr die Richtigkeit und<br \/>Vollst\u00e4ndigkeit wird keine Gew\u00e4hr \u00fcbernommen. Dasselbe gilt f\u00fcr die<br \/>Inhalte Dritter, die \u00fcber diese Seiten zug\u00e4nglich gemacht werden. In<br \/>keinem Fall wird f\u00fcr Sch\u00e4den, die sich aus der Verwendung der<br \/>abgerufenen Informationen oder dem Versenden von Informationen ergeben<br \/>k\u00f6nnten, eine Haftung \u00fcbernommen.\u00a0<\/em><\/span><\/p><p><span style=\"color: #000000;\"><em>\u00a0<\/em><\/span><\/p><p><span style=\"color: #000000;\"><strong><em>Haftungsausschluss:<\/em><\/strong><em>\u00a0<\/em><\/span><\/p><p><span style=\"color: #000000;\"><em>\u00a0<\/em><\/span><\/p><p><span style=\"color: #000000;\"><em>Die bereitgestellten<\/em><em><br \/>Informationen auf der Website www.restaurant-hufer.de wurden<br \/>sorgf\u00e4ltig gepr\u00fcft und werden regelm\u00e4\u00dfig aktualisiert. Jedoch kann keine<br \/>Haftung oder Garantie daf\u00fcr \u00fcbernommen werden, dass alle Angaben zu<br \/>jeder Zeit vollst\u00e4ndig, richtig und in letzter Aktualit\u00e4t dargestellt<br \/>sind. Dies gilt insbesondere f\u00fcr alle \u201cLinks\u201d zu anderen Websites, auf<br \/>die direkt oder indirekt verwiesen wird. Hinsichtlich der Links erkl\u00e4rt<br \/>Michael Weber ausdr\u00fccklich, dass er keinerlei Einfluss auf die<br \/>Gestaltung und die Inhalte der verlinkten Seiten hat und sich diese<br \/>Inhalte nicht zu eigen macht.<\/em><\/span><\/p>\t\t\t\t\t\t\t\t<\/div>\n\t\t\t\t<div class=\"elementor-element elementor-element-0ebe8f3 elementor-widget elementor-widget-spacer\" data-id=\"0ebe8f3\" data-element_type=\"widget\" data-e-type=\"widget\" data-widget_type=\"spacer.default\">\n\t\t\t\t\t\t\t<div class=\"elementor-spacer\">\n\t\t\t<div class=\"elementor-spacer-inner\"><\/div>\n\t\t<\/div>\n\t\t\t\t\t\t<\/div>\n\t\t\t\t<\/div>\n\t\t<div class=\"elementor-element elementor-element-0eb4419 e-con-full e-flex e-con e-child\" data-id=\"0eb4419\" data-element_type=\"container\" data-e-type=\"container\">\n\t\t\t\t<\/div>\n\t\t\t\t\t<\/div>\n\t\t\t\t<\/div>\n\t\t<div class=\"elementor-element elementor-element-950dfe8 e-flex e-con-boxed e-con e-parent\" data-id=\"950dfe8\" data-element_type=\"container\" data-e-type=\"container\">\n\t\t\t\t\t<div class=\"e-con-inner\">\n\t\t<div class=\"elementor-element elementor-element-00a3d41 e-con-full e-flex e-con e-child\" data-id=\"00a3d41\" data-element_type=\"container\" data-e-type=\"container\">\n\t\t\t\t\t\t\t\n\t\t<img class=\"e-image-base \" \n\t\t\t\t\tdata-interaction-id=\"be5eb57\" \n\t\t \n\t\t \n\t\t\t\t\t\t\t\t\tid=\"268\"\n\t\t\t\t\t\t\t\t\t\t\t\tsrc=\"https:\/\/restaurant-hufer.de\/wp-content\/uploads\/2026\/04\/contribution_gallery.jpg\"\n\t\t\t\t\t\t\t\t\t\t\t\twidth=\"1000\"\n\t\t\t\t\t\t\t\t\t\t\t\theight=\"720\"\n\t\t\t\t\t\t\t\t\t\t\t\tsrcset=\"https:\/\/restaurant-hufer.de\/wp-content\/uploads\/2026\/04\/contribution_gallery.jpg 1000w, https:\/\/restaurant-hufer.de\/wp-content\/uploads\/2026\/04\/contribution_gallery-300x216.jpg 300w, https:\/\/restaurant-hufer.de\/wp-content\/uploads\/2026\/04\/contribution_gallery-768x553.jpg 768w\"\n\t\t\t\t\t\t\t\t\t\t\t\talt=\"\"\n\t\t\t\t\t\t\/>\n\t\t\t\t\t<\/div>\n\t\t<div class=\"elementor-element elementor-element-29fe013 e-con-full e-flex e-con e-child\" data-id=\"29fe013\" data-element_type=\"container\" data-e-type=\"container\">\n\t\t\t\t\t\t\t\n\t\t<img class=\"e-image-base \" \n\t\t\t\t\tdata-interaction-id=\"466ea6a\" \n\t\t \n\t\t \n\t\t\t\t\t\t\t\t\tid=\"270\"\n\t\t\t\t\t\t\t\t\t\t\t\tsrc=\"https:\/\/restaurant-hufer.de\/wp-content\/uploads\/2026\/04\/photo0jpg.jpg\"\n\t\t\t\t\t\t\t\t\t\t\t\twidth=\"1000\"\n\t\t\t\t\t\t\t\t\t\t\t\theight=\"1000\"\n\t\t\t\t\t\t\t\t\t\t\t\tsrcset=\"https:\/\/restaurant-hufer.de\/wp-content\/uploads\/2026\/04\/photo0jpg.jpg 1000w, https:\/\/restaurant-hufer.de\/wp-content\/uploads\/2026\/04\/photo0jpg-300x300.jpg 300w, https:\/\/restaurant-hufer.de\/wp-content\/uploads\/2026\/04\/photo0jpg-150x150.jpg 150w, https:\/\/restaurant-hufer.de\/wp-content\/uploads\/2026\/04\/photo0jpg-768x768.jpg 768w, https:\/\/restaurant-hufer.de\/wp-content\/uploads\/2026\/04\/photo0jpg-800x800.jpg 800w, https:\/\/restaurant-hufer.de\/wp-content\/uploads\/2026\/04\/photo0jpg-500x500.jpg 500w\"\n\t\t\t\t\t\t\t\t\t\t\t\talt=\"\"\n\t\t\t\t\t\t\/>\n\t\t\t\t\t<\/div>\n\t\t<div class=\"elementor-element elementor-element-5a3d45f e-con-full e-flex e-con e-child\" data-id=\"5a3d45f\" data-element_type=\"container\" data-e-type=\"container\">\n\t\t\t\t\t\t\t\n\t\t<img class=\"e-image-base \" \n\t\t\t\t\tdata-interaction-id=\"0c34bb6\" \n\t\t \n\t\t \n\t\t\t\t\t\t\t\t\tid=\"267\"\n\t\t\t\t\t\t\t\t\t\t\t\tsrc=\"https:\/\/restaurant-hufer.de\/wp-content\/uploads\/2026\/04\/655.jpg\"\n\t\t\t\t\t\t\t\t\t\t\t\twidth=\"986\"\n\t\t\t\t\t\t\t\t\t\t\t\theight=\"720\"\n\t\t\t\t\t\t\t\t\t\t\t\tsrcset=\"https:\/\/restaurant-hufer.de\/wp-content\/uploads\/2026\/04\/655.jpg 986w, https:\/\/restaurant-hufer.de\/wp-content\/uploads\/2026\/04\/655-300x219.jpg 300w, https:\/\/restaurant-hufer.de\/wp-content\/uploads\/2026\/04\/655-768x561.jpg 768w\"\n\t\t\t\t\t\t\t\t\t\t\t\talt=\"\"\n\t\t\t\t\t\t\/>\n\t\t\t\t\t<\/div>\n\t\t<div class=\"elementor-element elementor-element-92abe65 e-con-full e-flex e-con e-child\" data-id=\"92abe65\" data-element_type=\"container\" data-e-type=\"container\">\n\t\t\t\t\t\t\t\n\t\t<img class=\"e-image-base \" \n\t\t\t\t\tdata-interaction-id=\"ea40855\" \n\t\t \n\t\t \n\t\t\t\t\t\t\t\t\tid=\"270\"\n\t\t\t\t\t\t\t\t\t\t\t\tsrc=\"https:\/\/restaurant-hufer.de\/wp-content\/uploads\/2026\/04\/photo0jpg.jpg\"\n\t\t\t\t\t\t\t\t\t\t\t\twidth=\"1000\"\n\t\t\t\t\t\t\t\t\t\t\t\theight=\"1000\"\n\t\t\t\t\t\t\t\t\t\t\t\tsrcset=\"https:\/\/restaurant-hufer.de\/wp-content\/uploads\/2026\/04\/photo0jpg.jpg 1000w, https:\/\/restaurant-hufer.de\/wp-content\/uploads\/2026\/04\/photo0jpg-300x300.jpg 300w, https:\/\/restaurant-hufer.de\/wp-content\/uploads\/2026\/04\/photo0jpg-150x150.jpg 150w, https:\/\/restaurant-hufer.de\/wp-content\/uploads\/2026\/04\/photo0jpg-768x768.jpg 768w, https:\/\/restaurant-hufer.de\/wp-content\/uploads\/2026\/04\/photo0jpg-800x800.jpg 800w, https:\/\/restaurant-hufer.de\/wp-content\/uploads\/2026\/04\/photo0jpg-500x500.jpg 500w\"\n\t\t\t\t\t\t\t\t\t\t\t\talt=\"\"\n\t\t\t\t\t\t\/>\n\t\t\t\t\t<\/div>\n\t\t\t\t\t<\/div>\n\t\t\t\t<\/div>\n\t\t\t\t<section class=\"elementor-section elementor-top-section elementor-element elementor-element-f9cb9e7 elementor-section-boxed elementor-section-height-default elementor-section-height-default\" data-id=\"f9cb9e7\" data-element_type=\"section\" data-e-type=\"section\" id=\"contact\" data-settings=\"{&quot;background_background&quot;:&quot;classic&quot;}\">\n\t\t\t\t\t\t<div class=\"elementor-container elementor-column-gap-no\">\n\t\t\t\t\t<div class=\"elementor-column elementor-col-100 elementor-top-column elementor-element elementor-element-0cf6734\" data-id=\"0cf6734\" data-element_type=\"column\" data-e-type=\"column\">\n\t\t\t<div class=\"elementor-widget-wrap elementor-element-populated\">\n\t\t\t\t\t\t<div class=\"elementor-element elementor-element-43e160f elementor-widget elementor-widget-spacer\" data-id=\"43e160f\" data-element_type=\"widget\" data-e-type=\"widget\" data-widget_type=\"spacer.default\">\n\t\t\t\t\t\t\t<div class=\"elementor-spacer\">\n\t\t\t<div class=\"elementor-spacer-inner\"><\/div>\n\t\t<\/div>\n\t\t\t\t\t\t<\/div>\n\t\t\t\t<div class=\"elementor-element elementor-element-9aad68c elementor-widget elementor-widget-sabah-title\" data-id=\"9aad68c\" data-element_type=\"widget\" data-e-type=\"widget\" data-widget_type=\"sabah-title.default\">\n\t\t\t\t<div class=\"elementor-widget-container\">\n\t\t\t\t\t\n\t\t<div class=\"section-title text-center  wow zoomIn\">\n\t\t\t<div class=\"title_circle_icon\"><\/div>\n\t\t\t<span>Restaurant Hufer<\/span>\t\n\t\t\t<h2>Kontakt<\/h2>\t\n\t\t<\/div>\n\t\t\t\t<\/div>\n\t\t\t\t<\/div>\n\t\t\t\t<section class=\"elementor-section elementor-inner-section elementor-element elementor-element-28e7689 elementor-section-content-middle elementor-section-boxed elementor-section-height-default elementor-section-height-default elementor-invisible\" data-id=\"28e7689\" data-element_type=\"section\" data-e-type=\"section\" data-settings=\"{&quot;animation&quot;:&quot;fadeIn&quot;}\">\n\t\t\t\t\t\t<div class=\"elementor-container elementor-column-gap-no\">\n\t\t\t\t\t<div class=\"elementor-column elementor-col-100 elementor-inner-column elementor-element elementor-element-da82a30\" data-id=\"da82a30\" data-element_type=\"column\" data-e-type=\"column\" data-settings=\"{&quot;background_background&quot;:&quot;classic&quot;}\">\n\t\t\t<div class=\"elementor-widget-wrap elementor-element-populated\">\n\t\t\t\t\t\t<div class=\"elementor-element elementor-element-86f1c9e elementor-widget elementor-widget-sabah-contact-info\" data-id=\"86f1c9e\" data-element_type=\"widget\" data-e-type=\"widget\" data-widget_type=\"sabah-contact-info.default\">\n\t\t\t\t<div class=\"elementor-widget-container\">\n\t\t\t\t\t\t\t<div class=\"single-contact\">\n\t\t\t<i class=\"ti-mobile\"><\/i>\n\t\t\t<div class=\"con_text\">\n\t\t\t\t<h3>Restaurant<\/h3>\n\t\t\t\t<p>\n\t\t\t\t\t0911 636317 <br> \t\t\t\t<\/p>\n\t\t\t<\/div>\n\t\t<\/div>\t\n\n\t\t\t\t\n\t\t\t\t<\/div>\n\t\t\t\t<\/div>\n\t\t\t\t<div class=\"elementor-element elementor-element-be30e69 elementor-widget elementor-widget-sabah-contact-info\" data-id=\"be30e69\" data-element_type=\"widget\" data-e-type=\"widget\" data-widget_type=\"sabah-contact-info.default\">\n\t\t\t\t<div class=\"elementor-widget-container\">\n\t\t\t\t\t\t\t<div class=\"single-contact\">\n\t\t\t<i class=\"ti-mobile\"><\/i>\n\t\t\t<div class=\"con_text\">\n\t\t\t\t<h3>Technischer Support<\/h3>\n\t\t\t\t<p>\n\t\t\t\t\t01515 9092548 <br> XeonEurope\t\t\t\t<\/p>\n\t\t\t<\/div>\n\t\t<\/div>\t\n\n\t\t\t\t\n\t\t\t\t<\/div>\n\t\t\t\t<\/div>\n\t\t\t\t<div class=\"elementor-element elementor-element-5555870 elementor-widget elementor-widget-sabah-contact-info\" data-id=\"5555870\" data-element_type=\"widget\" data-e-type=\"widget\" data-widget_type=\"sabah-contact-info.default\">\n\t\t\t\t<div class=\"elementor-widget-container\">\n\t\t\t\t\t\t\t<div class=\"single-contact\">\n\t\t\t<i class=\"ti-mobile\"><\/i>\n\t\t\t<div class=\"con_text\">\n\t\t\t\t<h3>Adresse<\/h3>\n\t\t\t\t<p>\n\t\t\t\t\tAlte Dietersdorfer Str. 10, 91126 Schwabach, Deutschland <br> \t\t\t\t<\/p>\n\t\t\t<\/div>\n\t\t<\/div>\t\n\n\t\t\t\t\n\t\t\t\t<\/div>\n\t\t\t\t<\/div>\n\t\t\t\t\t<\/div>\n\t\t<\/div>\n\t\t\t\t\t<\/div>\n\t\t<\/section>\n\t\t\t\t\t<\/div>\n\t\t<\/div>\n\t\t\t\t\t<\/div>\n\t\t<\/section>\n\t\t\t\t<\/div>\n\t\t","protected":false},"excerpt":{"rendered":"<p>Impressum Fam. Christakou Alte Dietersdorfer Str. 10 91126 Schwabach (Dietersdorf) Tel: 0911 \/ 63 63 17 Email: info@Restaurant-Hufer.de Internet: www.Restaurant-Hufer.de \u00a0 Urheberrecht:\u00a0 \u00a0 \u00a9 Alle Rechte vorbehalten.Insbesondere d\u00fcrfen Vervielf\u00e4ltigungen nur nach vorheriger schriftlicherZustimmung des Anbieters erfolgen. Mit der Nutzung der Websitewww.restaurant-hufer.de erkl\u00e4ren Sie sich mit unserenNutzungsbedingungen einverstanden. F\u00fcr die Richtigkeit undVollst\u00e4ndigkeit wird keine Gew\u00e4hr \u00fcbernommen. [&hellip;]<\/p>\n","protected":false},"author":1,"featured_media":0,"parent":0,"menu_order":0,"comment_status":"closed","ping_status":"closed","template":"page-builder.php","meta":{"_monsterinsights_skip_tracking":false,"_monsterinsights_sitenote_active":false,"_monsterinsights_sitenote_note":"","_monsterinsights_sitenote_category":0,"footnotes":""},"class_list":["post-360","page","type-page","status-publish","hentry"],"aioseo_notices":[],"_links":{"self":[{"href":"https:\/\/restaurant-hufer.de\/index.php\/wp-json\/wp\/v2\/pages\/360","targetHints":{"allow":["GET"]}}],"collection":[{"href":"https:\/\/restaurant-hufer.de\/index.php\/wp-json\/wp\/v2\/pages"}],"about":[{"href":"https:\/\/restaurant-hufer.de\/index.php\/wp-json\/wp\/v2\/types\/page"}],"author":[{"embeddable":true,"href":"https:\/\/restaurant-hufer.de\/index.php\/wp-json\/wp\/v2\/users\/1"}],"replies":[{"embeddable":true,"href":"https:\/\/restaurant-hufer.de\/index.php\/wp-json\/wp\/v2\/comments?post=360"}],"version-history":[{"count":4,"href":"https:\/\/restaurant-hufer.de\/index.php\/wp-json\/wp\/v2\/pages\/360\/revisions"}],"predecessor-version":[{"id":364,"href":"https:\/\/restaurant-hufer.de\/index.php\/wp-json\/wp\/v2\/pages\/360\/revisions\/364"}],"wp:attachment":[{"href":"https:\/\/restaurant-hufer.de\/index.php\/wp-json\/wp\/v2\/media?parent=360"}],"curies":[{"name":"wp","href":"https:\/\/api.w.org\/{rel}","templated":true}]}}