{"id":348,"date":"2026-04-23T22:07:35","date_gmt":"2026-04-23T22:07:35","guid":{"rendered":"https:\/\/restaurant-hufer.de\/?page_id=348"},"modified":"2026-04-23T22:17:40","modified_gmt":"2026-04-23T22:17:40","slug":"ueber-uns","status":"publish","type":"page","link":"https:\/\/restaurant-hufer.de\/index.php\/ueber-uns\/","title":{"rendered":"\u00fcber uns"},"content":{"rendered":"\t\t<div data-elementor-type=\"wp-page\" data-elementor-id=\"348\" class=\"elementor elementor-348\" data-elementor-post-type=\"page\">\n\t\t\t\t\t\t<section class=\"elementor-section elementor-top-section elementor-element elementor-element-df1da84 elementor-section-boxed elementor-section-height-default elementor-section-height-default\" data-id=\"df1da84\" data-element_type=\"section\" data-e-type=\"section\">\n\t\t\t\t\t\t<div class=\"elementor-container elementor-column-gap-default\">\n\t\t\t\t\t<div class=\"elementor-column elementor-col-100 elementor-top-column elementor-element elementor-element-a8da24c\" data-id=\"a8da24c\" data-element_type=\"column\" data-e-type=\"column\">\n\t\t\t<div class=\"elementor-widget-wrap elementor-element-populated\">\n\t\t\t\t\t\t<div class=\"elementor-element elementor-element-5d9b8be elementor-widget elementor-widget-spacer\" data-id=\"5d9b8be\" data-element_type=\"widget\" data-e-type=\"widget\" data-widget_type=\"spacer.default\">\n\t\t\t\t\t\t\t<div class=\"elementor-spacer\">\n\t\t\t<div class=\"elementor-spacer-inner\"><\/div>\n\t\t<\/div>\n\t\t\t\t\t\t<\/div>\n\t\t\t\t\t<\/div>\n\t\t<\/div>\n\t\t\t\t\t<\/div>\n\t\t<\/section>\n\t\t<div class=\"elementor-element elementor-element-189f4a6 e-flex e-con-boxed e-con e-parent\" data-id=\"189f4a6\" data-element_type=\"container\" data-e-type=\"container\">\n\t\t\t\t\t<div class=\"e-con-inner\">\n\t\t<div class=\"elementor-element elementor-element-35c622a e-con-full e-flex e-con e-child\" data-id=\"35c622a\" data-element_type=\"container\" data-e-type=\"container\">\n\t\t\t\t<\/div>\n\t\t<div class=\"elementor-element elementor-element-00bd4e5 e-con-full e-flex e-con e-child\" data-id=\"00bd4e5\" data-element_type=\"container\" data-e-type=\"container\">\n\t\t\t\t<div class=\"elementor-element elementor-element-8817b79 elementor-widget elementor-widget-text-editor\" data-id=\"8817b79\" data-element_type=\"widget\" data-e-type=\"widget\" data-widget_type=\"text-editor.default\">\n\t\t\t\t\t\t\t\t\t<p><span style=\"color: #000000;\"><strong>Herzlich Willkommen<\/strong><\/span><\/p>\t\t\t\t\t\t\t\t<\/div>\n\t\t\t\t<\/div>\n\t\t<div class=\"elementor-element elementor-element-78c2f2c e-con-full e-flex e-con e-child\" data-id=\"78c2f2c\" data-element_type=\"container\" data-e-type=\"container\">\n\t\t\t\t<\/div>\n\t\t\t\t\t<\/div>\n\t\t\t\t<\/div>\n\t\t<div class=\"elementor-element elementor-element-743380d e-flex e-con-boxed e-con e-parent\" data-id=\"743380d\" data-element_type=\"container\" data-e-type=\"container\">\n\t\t\t\t\t<div class=\"e-con-inner\">\n\t\t<div class=\"elementor-element elementor-element-7a46878 e-con-full e-flex e-con e-child\" data-id=\"7a46878\" data-element_type=\"container\" data-e-type=\"container\">\n\t\t\t\t<\/div>\n\t\t<div class=\"elementor-element elementor-element-b182af7 e-con-full e-flex e-con e-child\" data-id=\"b182af7\" data-element_type=\"container\" data-e-type=\"container\">\n\t\t\t\t<div class=\"elementor-element elementor-element-1cb610c elementor-widget elementor-widget-text-editor\" data-id=\"1cb610c\" data-element_type=\"widget\" data-e-type=\"widget\" data-widget_type=\"text-editor.default\">\n\t\t\t\t\t\t\t\t\t<p><span style=\"color: #000000;\">Im beschaulichen Schwabach Dietersdorf findet man einen der besten Griechen in N\u00fcrnberg und Umgebung \u2013 den Hufer. Obwohl das Lokal bereits seit vielen Jahren besteht, ist es l\u00e4ngst kein Geheimtipp mehr. Und das zurecht! Die wunderbare griechische K\u00fcche und die au\u00dfergew\u00f6hnliche Auswahl an klassischen griechischen Weinen, die von den beiden Chefs Costa und Christos angeboten wird, \u00fcberzeugt G\u00e4ste aus nah und fern.<\/span><\/p><p><span style=\"color: #000000;\">Die private und freundliche Atmosph\u00e4re des Hufer l\u00e4dt dazu ein, ein wenig l\u00e4nger zu verweilen und das Essen und die Gesellschaft in vollen Z\u00fcgen zu genie\u00dfen. Und das Beste: Das Preis-Leistungs-Verh\u00e4ltnis kann sich nicht nur sehen lassen, sondern findet auch weit und breit keinen Vergleich.<\/span><\/p><p><span style=\"color: #000000;\">Wenn Sie also auf der Suche nach einem gem\u00fctlichen Restaurant mit ausgezeichneter K\u00fcche und einer tollen Auswahl an Weinen sind, sollten Sie einen Ausflug nach Dietersdorf zum Hufer machen. Wir sind sicher, dass Sie nicht entt\u00e4uscht sein werden!<\/span><\/p>\t\t\t\t\t\t\t\t<\/div>\n\t\t\t\t<\/div>\n\t\t<div class=\"elementor-element elementor-element-f93ec9e e-con-full e-flex e-con e-child\" data-id=\"f93ec9e\" data-element_type=\"container\" data-e-type=\"container\">\n\t\t\t\t<\/div>\n\t\t\t\t\t<\/div>\n\t\t\t\t<\/div>\n\t\t<div class=\"elementor-element elementor-element-66e3723 e-flex e-con-boxed e-con e-parent\" data-id=\"66e3723\" data-element_type=\"container\" data-e-type=\"container\">\n\t\t\t\t\t<div class=\"e-con-inner\">\n\t\t<div class=\"elementor-element elementor-element-8e1c40a e-con-full e-flex e-con e-child\" data-id=\"8e1c40a\" data-element_type=\"container\" data-e-type=\"container\">\n\t\t\t\t<\/div>\n\t\t<div class=\"elementor-element elementor-element-092aa23 e-con-full e-flex e-con e-child\" data-id=\"092aa23\" data-element_type=\"container\" data-e-type=\"container\">\n\t\t\t\t\t\t\t\n\t\t<img class=\"e-image-base \" \n\t\t\t\t\tdata-interaction-id=\"ba17bf4\" \n\t\t \n\t\t \n\t\t\t\t\t\t\t\t\tid=\"344\"\n\t\t\t\t\t\t\t\t\t\t\t\tsrc=\"https:\/\/restaurant-hufer.de\/wp-content\/uploads\/2026\/04\/052456_333f1bac.jpg\"\n\t\t\t\t\t\t\t\t\t\t\t\twidth=\"640\"\n\t\t\t\t\t\t\t\t\t\t\t\theight=\"480\"\n\t\t\t\t\t\t\t\t\t\t\t\tsrcset=\"https:\/\/restaurant-hufer.de\/wp-content\/uploads\/2026\/04\/052456_333f1bac.jpg 640w, https:\/\/restaurant-hufer.de\/wp-content\/uploads\/2026\/04\/052456_333f1bac-300x225.jpg 300w\"\n\t\t\t\t\t\t\t\t\t\t\t\talt=\"\"\n\t\t\t\t\t\t\/>\n\t\t\t\t\t<\/div>\n\t\t\t\t<div class=\"elementor-element elementor-element-0cf5618 elementor-widget elementor-widget-spacer\" data-id=\"0cf5618\" data-element_type=\"widget\" data-e-type=\"widget\" data-widget_type=\"spacer.default\">\n\t\t\t\t\t\t\t<div class=\"elementor-spacer\">\n\t\t\t<div class=\"elementor-spacer-inner\"><\/div>\n\t\t<\/div>\n\t\t\t\t\t\t<\/div>\n\t\t<div class=\"elementor-element elementor-element-2e17b0d e-con-full e-flex e-con e-child\" data-id=\"2e17b0d\" data-element_type=\"container\" data-e-type=\"container\">\n\t\t\t\t<\/div>\n\t\t\t\t\t<\/div>\n\t\t\t\t<\/div>\n\t\t\t\t<\/div>\n\t\t","protected":false},"excerpt":{"rendered":"<p>Herzlich Willkommen Im beschaulichen Schwabach Dietersdorf findet man einen der besten Griechen in N\u00fcrnberg und Umgebung \u2013 den Hufer. Obwohl das Lokal bereits seit vielen Jahren besteht, ist es l\u00e4ngst kein Geheimtipp mehr. Und das zurecht! Die wunderbare griechische K\u00fcche und die au\u00dfergew\u00f6hnliche Auswahl an klassischen griechischen Weinen, die von den beiden Chefs Costa und [&hellip;]<\/p>\n","protected":false},"author":1,"featured_media":0,"parent":0,"menu_order":0,"comment_status":"closed","ping_status":"closed","template":"page-builder.php","meta":{"_monsterinsights_skip_tracking":false,"_monsterinsights_sitenote_active":false,"_monsterinsights_sitenote_note":"","_monsterinsights_sitenote_category":0,"footnotes":""},"class_list":["post-348","page","type-page","status-publish","hentry"],"aioseo_notices":[],"_links":{"self":[{"href":"https:\/\/restaurant-hufer.de\/index.php\/wp-json\/wp\/v2\/pages\/348","targetHints":{"allow":["GET"]}}],"collection":[{"href":"https:\/\/restaurant-hufer.de\/index.php\/wp-json\/wp\/v2\/pages"}],"about":[{"href":"https:\/\/restaurant-hufer.de\/index.php\/wp-json\/wp\/v2\/types\/page"}],"author":[{"embeddable":true,"href":"https:\/\/restaurant-hufer.de\/index.php\/wp-json\/wp\/v2\/users\/1"}],"replies":[{"embeddable":true,"href":"https:\/\/restaurant-hufer.de\/index.php\/wp-json\/wp\/v2\/comments?post=348"}],"version-history":[{"count":8,"href":"https:\/\/restaurant-hufer.de\/index.php\/wp-json\/wp\/v2\/pages\/348\/revisions"}],"predecessor-version":[{"id":399,"href":"https:\/\/restaurant-hufer.de\/index.php\/wp-json\/wp\/v2\/pages\/348\/revisions\/399"}],"wp:attachment":[{"href":"https:\/\/restaurant-hufer.de\/index.php\/wp-json\/wp\/v2\/media?parent=348"}],"curies":[{"name":"wp","href":"https:\/\/api.w.org\/{rel}","templated":true}]}}