{"id":259,"date":"2022-12-31T06:25:15","date_gmt":"2022-12-31T06:25:15","guid":{"rendered":"https:\/\/themesvila.com\/themes-wp\/sabah\/?page_id=2"},"modified":"2026-04-24T17:26:49","modified_gmt":"2026-04-24T17:26:49","slug":"sample-page-2","status":"publish","type":"page","link":"https:\/\/restaurant-hufer.de\/","title":{"rendered":"Home"},"content":{"rendered":"\t\t<div data-elementor-type=\"wp-page\" data-elementor-id=\"259\" class=\"elementor elementor-259\" data-elementor-post-type=\"page\">\n\t\t\t\t\t\t<section class=\"elementor-section elementor-top-section elementor-element elementor-element-df1da84 elementor-section-boxed elementor-section-height-default elementor-section-height-default\" data-id=\"df1da84\" data-element_type=\"section\" data-e-type=\"section\">\n\t\t\t\t\t\t<div class=\"elementor-container elementor-column-gap-default\">\n\t\t\t\t\t<div class=\"elementor-column elementor-col-100 elementor-top-column elementor-element elementor-element-a8da24c\" data-id=\"a8da24c\" data-element_type=\"column\" data-e-type=\"column\">\n\t\t\t<div class=\"elementor-widget-wrap\">\n\t\t\t\t\t\t\t<\/div>\n\t\t<\/div>\n\t\t\t\t\t<\/div>\n\t\t<\/section>\n\t\t\t\t<section class=\"elementor-section elementor-top-section elementor-element elementor-element-000d641 elementor-section-boxed elementor-section-height-default elementor-section-height-default\" data-id=\"000d641\" data-element_type=\"section\" data-e-type=\"section\">\n\t\t\t\t\t\t<div class=\"elementor-container elementor-column-gap-no\">\n\t\t\t\t\t<div class=\"elementor-column elementor-col-100 elementor-top-column elementor-element elementor-element-ce15eda\" data-id=\"ce15eda\" data-element_type=\"column\" data-e-type=\"column\">\n\t\t\t<div class=\"elementor-widget-wrap elementor-element-populated\">\n\t\t\t\t\t\t<div class=\"elementor-element elementor-element-4cf8e6b elementor-invisible elementor-widget elementor-widget-sabah-about\" data-id=\"4cf8e6b\" data-element_type=\"widget\" data-e-type=\"widget\" data-settings=\"{&quot;_animation&quot;:&quot;fadeIn&quot;}\" data-widget_type=\"sabah-about.default\">\n\t\t\t\t<div class=\"elementor-widget-container\">\n\t\t\t\t\t\n\t\t<!-- START ABOUT US -->\n\t\t<section class=\"about_us\">\n\t\t\t<div class=\"container\">\n\t\t\t\t<div class=\"row\">\n\t\t\t\t\t<div class=\"col-xl-6 col-lg-6 col-12\">\n\t\t\t\t\t\t<div class=\"about_img\">\n\t\t\t\t\t\t\t<img decoding=\"async\" src=\"https:\/\/restaurant-hufer.de\/wp-content\/uploads\/2026\/04\/Hufer_2024_324-scaled.jpg\" class=\"about_img_1\" alt=\"about image\" \/>\t\t\n\t\t\t\t\t\t\t<img decoding=\"async\" src=\"https:\/\/restaurant-hufer.de\/wp-content\/uploads\/2026\/04\/Hufer_2024_360-scaled.jpg\" class=\"about_img_2\" alt=\"about image\" \/>\t\t\n\t\t\t\t\t\t\t<a href=\"https:\/\/restaurant-hufer.de\/wp-content\/uploads\/2026\/04\/Hufer_Video_3.mp4\" class=\"ab_pbtn\"><i class=\"ti-control-play\"><\/i><\/a>\n\t\t\t\t\t\t<\/div>\t\t\t\t\t\n\t\t\t\t\t<\/div><!--- END COL -->\t\t\t\t\t\t\n\t\t\t\t\t\n\t\t\t\t\t<div class=\"col-xl-6 col-lg-6 col-12\">\n\t\t\t\t\t\t<div class=\"about-content \">\n\t\t\t\t\t\t\t<span class=\"a_subtitle\">\u00fcber uns<\/span>\n\t\t\t\t\t\t\t<h2>Ihr Restaurant Hufer<\/h2>\n\t\t\t\t\t\t\t<p>Im beschaulichen Schwabach Dietersdorf findet man einen der besten Griechen in N\u00fcrnberg und Umgebung \u2013 den Hufer. Obwohl das Lokal bereits seit vielen Jahren besteht, ist es l\u00e4ngst kein Geheimtipp mehr. Und das zurecht! Die wunderbare griechische K\u00fcche und die au\u00dfergew\u00f6hnliche Auswahl an klassischen griechischen Weinen, die von den beiden Chefs Costa und Christos angeboten wird, \u00fcberzeugt G\u00e4ste aus nah und fern.<\/p>\t\t\t\t\t\t\t\t\n\t\t\t\t\t\t\t\t\t\t\t\t\t\t\t<a href=\"https:\/\/restaurant-hufer.de\/index.php\/ueber-uns\/\" class=\"about-btn\">ueber uns<\/a>\t\t\t\t\t\t\t\t\t\n\t\t\t\t\t\t\t\t\t\t\t\t\t\t\t\n\t\t\t\t\t\t<\/div>\n\t\t\t\t\t<\/div><!--- END COL -->\t\t\t\n\t\t\t\t<\/div><!--- END ROW -->\t\t\n\t\t\t<\/div><!--- END CONTAINER -->\n\t\t<\/section>\n\t\t<!-- END ABOUT US -->\t\t\t\t\t\t\t\n\t\t\t\t<\/div>\n\t\t\t\t<\/div>\n\t\t\t\t\t<\/div>\n\t\t<\/div>\n\t\t\t\t\t<\/div>\n\t\t<\/section>\n\t\t<div class=\"elementor-element elementor-element-ce74ac9 e-flex e-con-boxed e-con e-parent\" data-id=\"ce74ac9\" data-element_type=\"container\" data-e-type=\"container\">\n\t\t\t\t\t<div class=\"e-con-inner\">\n\t\t<div class=\"elementor-element elementor-element-b2405d2 e-con-full e-flex e-con e-child\" data-id=\"b2405d2\" data-element_type=\"container\" data-e-type=\"container\">\n\t\t\t\t<\/div>\n\t\t<div class=\"elementor-element elementor-element-3013cfb e-con-full e-flex e-con e-child\" data-id=\"3013cfb\" data-element_type=\"container\" data-e-type=\"container\">\n\t\t\t\t<div class=\"elementor-element elementor-element-c6f2e19 elementor-widget elementor-widget-spacer\" data-id=\"c6f2e19\" data-element_type=\"widget\" data-e-type=\"widget\" data-widget_type=\"spacer.default\">\n\t\t\t\t\t\t\t<div class=\"elementor-spacer\">\n\t\t\t<div class=\"elementor-spacer-inner\"><\/div>\n\t\t<\/div>\n\t\t\t\t\t\t<\/div>\n\t\t\t\t<div class=\"elementor-element elementor-element-6c0ed3d elementor-widget elementor-widget-text-editor\" data-id=\"6c0ed3d\" data-element_type=\"widget\" data-e-type=\"widget\" data-widget_type=\"text-editor.default\">\n\t\t\t\t\t\t\t\t\t<p><span style=\"color: #000000;\">K\u00fcche &amp; Getr\u00e4nke<\/span><\/p>\t\t\t\t\t\t\t\t<\/div>\n\t\t\t\t<div class=\"elementor-element elementor-element-de9582a animated-slow elementor-invisible elementor-widget elementor-widget-text-editor\" data-id=\"de9582a\" data-element_type=\"widget\" data-e-type=\"widget\" data-settings=\"{&quot;_animation&quot;:&quot;zoomIn&quot;}\" data-widget_type=\"text-editor.default\">\n\t\t\t\t\t\t\t\t\t<p><span style=\"color: #000000;\">Wir m\u00f6chten Sie einladen, die feinsten K\u00f6stlichkeiten der griechischen K\u00fcche in unserem Restaurant zu genie\u00dfen. Ob im Gastraum oder im traumhaften Biergarten &#8211; wir servieren Ihnen erlesene Weine, trendy Getr\u00e4nke und nat\u00fcrlich die leckersten Speisen der griechischen K\u00fcche. Unsere Gerichte werden haupts\u00e4chlich mit Originalprodukten zubereitet, um Ihnen das authentische Geschmackserlebnis zu bieten, das Sie sich w\u00fcnschen.<\/span><\/p>\t\t\t\t\t\t\t\t<\/div>\n\t\t\t\t<div class=\"elementor-element elementor-element-faf16ae animated-slow elementor-invisible elementor-widget elementor-widget-text-editor\" data-id=\"faf16ae\" data-element_type=\"widget\" data-e-type=\"widget\" data-settings=\"{&quot;_animation&quot;:&quot;zoomIn&quot;,&quot;_animation_delay&quot;:300}\" data-widget_type=\"text-editor.default\">\n\t\t\t\t\t\t\t\t\t<p><span style=\"color: #000000;\">Unsere K\u00fcchenchefs sind stets auf der Suche nach neuen Kreationen und abwechslungsreichen Gerichten, um Sie zu \u00fcberraschen. Dazu geh\u00f6ren auch unsere s\u00fc\u00dfen Gen\u00fcsse und vielf\u00e4ltigen Dessertvariationen, die wir frisch f\u00fcr Sie zubereiten. Wir legen gro\u00dfen Wert darauf, dass unsere Speisen nicht nur geschmacklich \u00fcberzeugen, sondern auch optisch ein Highlight sind.<\/span><\/p>\t\t\t\t\t\t\t\t<\/div>\n\t\t\t\t<div class=\"elementor-element elementor-element-0ebe8f3 elementor-widget elementor-widget-spacer\" data-id=\"0ebe8f3\" data-element_type=\"widget\" data-e-type=\"widget\" data-widget_type=\"spacer.default\">\n\t\t\t\t\t\t\t<div class=\"elementor-spacer\">\n\t\t\t<div class=\"elementor-spacer-inner\"><\/div>\n\t\t<\/div>\n\t\t\t\t\t\t<\/div>\n\t\t\t\t<\/div>\n\t\t<div class=\"elementor-element elementor-element-0eb4419 e-con-full e-flex e-con e-child\" data-id=\"0eb4419\" data-element_type=\"container\" data-e-type=\"container\">\n\t\t\t\t<\/div>\n\t\t\t\t\t<\/div>\n\t\t\t\t<\/div>\n\t\t<div class=\"elementor-element elementor-element-0afd5a0 e-flex e-con-boxed e-con e-parent\" data-id=\"0afd5a0\" data-element_type=\"container\" data-e-type=\"container\">\n\t\t\t\t\t<div class=\"e-con-inner\">\n\t\t<div class=\"elementor-element elementor-element-75fdaf4 e-con-full e-flex e-con e-child\" data-id=\"75fdaf4\" data-element_type=\"container\" data-e-type=\"container\">\n\t\t\t\t\t\t\t\n\t\t<img class=\"e-image-base \" \n\t\t\t\t\tdata-interaction-id=\"d1d5a70\" \n\t\t \n\t\t \n\t\t\t\t\t\t\t\t\tid=\"390\"\n\t\t\t\t\t\t\t\t\t\t\t\tsrc=\"https:\/\/restaurant-hufer.de\/wp-content\/uploads\/2026\/04\/Hufer_2024_360-scaled.jpg\"\n\t\t\t\t\t\t\t\t\t\t\t\twidth=\"2560\"\n\t\t\t\t\t\t\t\t\t\t\t\theight=\"1707\"\n\t\t\t\t\t\t\t\t\t\t\t\tsrcset=\"https:\/\/restaurant-hufer.de\/wp-content\/uploads\/2026\/04\/Hufer_2024_360-scaled.jpg 2560w, https:\/\/restaurant-hufer.de\/wp-content\/uploads\/2026\/04\/Hufer_2024_360-300x200.jpg 300w, https:\/\/restaurant-hufer.de\/wp-content\/uploads\/2026\/04\/Hufer_2024_360-1024x683.jpg 1024w, https:\/\/restaurant-hufer.de\/wp-content\/uploads\/2026\/04\/Hufer_2024_360-768x512.jpg 768w, https:\/\/restaurant-hufer.de\/wp-content\/uploads\/2026\/04\/Hufer_2024_360-1536x1024.jpg 1536w, https:\/\/restaurant-hufer.de\/wp-content\/uploads\/2026\/04\/Hufer_2024_360-2048x1365.jpg 2048w\"\n\t\t\t\t\t\t\t\t\t\t\t\talt=\"\"\n\t\t\t\t\t\t\/>\n\t\t\t\t\t<\/div>\n\t\t<div class=\"elementor-element elementor-element-75ee51d e-con-full e-flex e-con e-child\" data-id=\"75ee51d\" data-element_type=\"container\" data-e-type=\"container\">\n\t\t\t\t\t\t\t\n\t\t<img class=\"e-image-base \" \n\t\t\t\t\tdata-interaction-id=\"83632a8\" \n\t\t \n\t\t \n\t\t\t\t\t\t\t\t\tid=\"388\"\n\t\t\t\t\t\t\t\t\t\t\t\tsrc=\"https:\/\/restaurant-hufer.de\/wp-content\/uploads\/2026\/04\/Hufer_2024_324-scaled.jpg\"\n\t\t\t\t\t\t\t\t\t\t\t\twidth=\"2560\"\n\t\t\t\t\t\t\t\t\t\t\t\theight=\"1707\"\n\t\t\t\t\t\t\t\t\t\t\t\tsrcset=\"https:\/\/restaurant-hufer.de\/wp-content\/uploads\/2026\/04\/Hufer_2024_324-scaled.jpg 2560w, https:\/\/restaurant-hufer.de\/wp-content\/uploads\/2026\/04\/Hufer_2024_324-300x200.jpg 300w, https:\/\/restaurant-hufer.de\/wp-content\/uploads\/2026\/04\/Hufer_2024_324-1024x683.jpg 1024w, https:\/\/restaurant-hufer.de\/wp-content\/uploads\/2026\/04\/Hufer_2024_324-768x512.jpg 768w, https:\/\/restaurant-hufer.de\/wp-content\/uploads\/2026\/04\/Hufer_2024_324-1536x1024.jpg 1536w, https:\/\/restaurant-hufer.de\/wp-content\/uploads\/2026\/04\/Hufer_2024_324-2048x1365.jpg 2048w\"\n\t\t\t\t\t\t\t\t\t\t\t\talt=\"\"\n\t\t\t\t\t\t\/>\n\t\t\t\t\t<\/div>\n\t\t<div class=\"elementor-element elementor-element-5d859c9 e-con-full e-flex e-con e-child\" data-id=\"5d859c9\" data-element_type=\"container\" data-e-type=\"container\">\n\t\t\t\t\t\t\t\n\t\t<img class=\"e-image-base \" \n\t\t\t\t\tdata-interaction-id=\"12746b0\" \n\t\t \n\t\t \n\t\t\t\t\t\t\t\t\tid=\"389\"\n\t\t\t\t\t\t\t\t\t\t\t\tsrc=\"https:\/\/restaurant-hufer.de\/wp-content\/uploads\/2026\/04\/Hufer_2024_329-scaled.jpg\"\n\t\t\t\t\t\t\t\t\t\t\t\twidth=\"2560\"\n\t\t\t\t\t\t\t\t\t\t\t\theight=\"1707\"\n\t\t\t\t\t\t\t\t\t\t\t\tsrcset=\"https:\/\/restaurant-hufer.de\/wp-content\/uploads\/2026\/04\/Hufer_2024_329-scaled.jpg 2560w, https:\/\/restaurant-hufer.de\/wp-content\/uploads\/2026\/04\/Hufer_2024_329-300x200.jpg 300w, https:\/\/restaurant-hufer.de\/wp-content\/uploads\/2026\/04\/Hufer_2024_329-1024x683.jpg 1024w, https:\/\/restaurant-hufer.de\/wp-content\/uploads\/2026\/04\/Hufer_2024_329-768x512.jpg 768w, https:\/\/restaurant-hufer.de\/wp-content\/uploads\/2026\/04\/Hufer_2024_329-1536x1024.jpg 1536w, https:\/\/restaurant-hufer.de\/wp-content\/uploads\/2026\/04\/Hufer_2024_329-2048x1365.jpg 2048w\"\n\t\t\t\t\t\t\t\t\t\t\t\talt=\"\"\n\t\t\t\t\t\t\/>\n\t\t\t\t\t<\/div>\n\t\t<div class=\"elementor-element elementor-element-bc5fd1f e-con-full e-flex e-con e-child\" data-id=\"bc5fd1f\" data-element_type=\"container\" data-e-type=\"container\">\n\t\t\t\t\t\t\t\n\t\t<img class=\"e-image-base \" \n\t\t\t\t\tdata-interaction-id=\"31b2fe3\" \n\t\t \n\t\t \n\t\t\t\t\t\t\t\t\tid=\"394\"\n\t\t\t\t\t\t\t\t\t\t\t\tsrc=\"https:\/\/restaurant-hufer.de\/wp-content\/uploads\/2026\/04\/DSCF5944-scaled.jpg\"\n\t\t\t\t\t\t\t\t\t\t\t\twidth=\"2560\"\n\t\t\t\t\t\t\t\t\t\t\t\theight=\"1707\"\n\t\t\t\t\t\t\t\t\t\t\t\tsrcset=\"https:\/\/restaurant-hufer.de\/wp-content\/uploads\/2026\/04\/DSCF5944-scaled.jpg 2560w, https:\/\/restaurant-hufer.de\/wp-content\/uploads\/2026\/04\/DSCF5944-300x200.jpg 300w, https:\/\/restaurant-hufer.de\/wp-content\/uploads\/2026\/04\/DSCF5944-1024x683.jpg 1024w, https:\/\/restaurant-hufer.de\/wp-content\/uploads\/2026\/04\/DSCF5944-768x512.jpg 768w, https:\/\/restaurant-hufer.de\/wp-content\/uploads\/2026\/04\/DSCF5944-1536x1024.jpg 1536w, https:\/\/restaurant-hufer.de\/wp-content\/uploads\/2026\/04\/DSCF5944-2048x1365.jpg 2048w\"\n\t\t\t\t\t\t\t\t\t\t\t\talt=\"\"\n\t\t\t\t\t\t\/>\n\t\t\t\t\t<\/div>\n\t\t\t\t\t<\/div>\n\t\t\t\t<\/div>\n\t\t<div class=\"elementor-element elementor-element-e270297 e-flex e-con-boxed e-con e-parent\" data-id=\"e270297\" data-element_type=\"container\" data-e-type=\"container\" data-settings=\"{&quot;background_background&quot;:&quot;classic&quot;}\">\n\t\t\t\t\t<div class=\"e-con-inner\">\n\t\t<div class=\"elementor-element elementor-element-da5ae39 e-con-full e-flex e-con e-child\" data-id=\"da5ae39\" data-element_type=\"container\" data-e-type=\"container\">\n\t\t\t\t<div class=\"elementor-element elementor-element-cb4b8b7 elementor-widget elementor-widget-sabah-contact-info\" data-id=\"cb4b8b7\" data-element_type=\"widget\" data-e-type=\"widget\" data-widget_type=\"sabah-contact-info.default\">\n\t\t\t\t<div class=\"elementor-widget-container\">\n\t\t\t\t\t\t\t<div class=\"single-contact\">\n\t\t\t<i class=\"ti-mobile\"><\/i>\n\t\t\t<div class=\"con_text\">\n\t\t\t\t<h3>Restaurant <\/h3>\n\t\t\t\t<p>\n\t\t\t\t\tTel: +49911636317 <br> \t\t\t\t<\/p>\n\t\t\t<\/div>\n\t\t<\/div>\t\n\n\t\t\t\t\n\t\t\t\t<\/div>\n\t\t\t\t<\/div>\n\t\t\t\t<div class=\"elementor-element elementor-element-9b3c8e7 elementor-widget elementor-widget-sabah-contact-info\" data-id=\"9b3c8e7\" data-element_type=\"widget\" data-e-type=\"widget\" data-widget_type=\"sabah-contact-info.default\">\n\t\t\t\t<div class=\"elementor-widget-container\">\n\t\t\t\t\t\t\t<div class=\"single-contact\">\n\t\t\t<i class=\"ti-mobile\"><\/i>\n\t\t\t<div class=\"con_text\">\n\t\t\t\t<h3>Anfahrt<\/h3>\n\t\t\t\t<p>\n\t\t\t\t\tAlte Dietersdorfer Str. 10, 91126 Schwabach, Deutschland <br> \t\t\t\t<\/p>\n\t\t\t<\/div>\n\t\t<\/div>\t\n\n\t\t\t\t\n\t\t\t\t<\/div>\n\t\t\t\t<\/div>\n\t\t\t\t<\/div>\n\t\t<div class=\"elementor-element elementor-element-3abedd7 e-con-full e-flex e-con e-child\" data-id=\"3abedd7\" data-element_type=\"container\" data-e-type=\"container\">\n\t\t\t\t<div class=\"elementor-element elementor-element-0455d38 elementor-widget elementor-widget-google_maps\" data-id=\"0455d38\" data-element_type=\"widget\" data-e-type=\"widget\" data-widget_type=\"google_maps.default\">\n\t\t\t\t\t\t\t<div class=\"elementor-custom-embed\">\n\t\t\t<iframe loading=\"lazy\"\n\t\t\t\t\tsrc=\"https:\/\/maps.google.com\/maps?q=Alte%20Dietersdorfer%20Str.%2010%2C%2091126%20Schwabach%2C%20Deutschland%20&#038;t=m&#038;z=10&#038;output=embed&#038;iwloc=near\"\n\t\t\t\t\ttitle=\"Alte Dietersdorfer Str. 10, 91126 Schwabach, Deutschland \"\n\t\t\t\t\taria-label=\"Alte Dietersdorfer Str. 10, 91126 Schwabach, Deutschland \"\n\t\t\t><\/iframe>\n\t\t<\/div>\n\t\t\t\t\t\t<\/div>\n\t\t\t\t<\/div>\n\t\t\t\t\t<\/div>\n\t\t\t\t<\/div>\n\t\t\t\t<\/div>\n\t\t","protected":false},"excerpt":{"rendered":"<p>\u00fcber uns Ihr Restaurant Hufer Im beschaulichen Schwabach Dietersdorf findet man einen der besten Griechen in N\u00fcrnberg und Umgebung \u2013 den Hufer. Obwohl das Lokal bereits seit vielen Jahren besteht, ist es l\u00e4ngst kein Geheimtipp mehr. Und das zurecht! Die wunderbare griechische K\u00fcche und die au\u00dfergew\u00f6hnliche Auswahl an klassischen griechischen Weinen, die von den beiden [&hellip;]<\/p>\n","protected":false},"author":1,"featured_media":0,"parent":0,"menu_order":0,"comment_status":"closed","ping_status":"open","template":"page-builder.php","meta":{"_monsterinsights_skip_tracking":false,"_monsterinsights_sitenote_active":false,"_monsterinsights_sitenote_note":"","_monsterinsights_sitenote_category":0,"footnotes":""},"class_list":["post-259","page","type-page","status-publish","hentry"],"aioseo_notices":[],"_links":{"self":[{"href":"https:\/\/restaurant-hufer.de\/index.php\/wp-json\/wp\/v2\/pages\/259","targetHints":{"allow":["GET"]}}],"collection":[{"href":"https:\/\/restaurant-hufer.de\/index.php\/wp-json\/wp\/v2\/pages"}],"about":[{"href":"https:\/\/restaurant-hufer.de\/index.php\/wp-json\/wp\/v2\/types\/page"}],"author":[{"embeddable":true,"href":"https:\/\/restaurant-hufer.de\/index.php\/wp-json\/wp\/v2\/users\/1"}],"replies":[{"embeddable":true,"href":"https:\/\/restaurant-hufer.de\/index.php\/wp-json\/wp\/v2\/comments?post=259"}],"version-history":[{"count":54,"href":"https:\/\/restaurant-hufer.de\/index.php\/wp-json\/wp\/v2\/pages\/259\/revisions"}],"predecessor-version":[{"id":397,"href":"https:\/\/restaurant-hufer.de\/index.php\/wp-json\/wp\/v2\/pages\/259\/revisions\/397"}],"wp:attachment":[{"href":"https:\/\/restaurant-hufer.de\/index.php\/wp-json\/wp\/v2\/media?parent=259"}],"curies":[{"name":"wp","href":"https:\/\/api.w.org\/{rel}","templated":true}]}}